{"id":6,"date":"2026-04-07T23:49:46","date_gmt":"2026-04-07T21:49:46","guid":{"rendered":"https:\/\/epoxstudioart.pl\/?page_id=6"},"modified":"2026-04-09T02:32:54","modified_gmt":"2026-04-09T00:32:54","slug":"6-2","status":"publish","type":"page","link":"https:\/\/epoxstudioart.pl\/","title":{"rendered":"EpoxStudioArt &#8211; STRONA W BUDOWIE"},"content":{"rendered":"\n<p>Sto\u0142y z \u017cywicy epoksydowej Gda\u0144sk | River Table<\/p>\n\n\n\n<h1 class=\"wp-block-heading\">Sto\u0142y z \u017cywicy epoksydowej na wymiar<\/h1>\n\n\n\n<p>Unikalne projekty z drewna i \u017cywicy \u2013 Gda\u0144sk i Tr\u00f3jmiasto Polska EU. <a href=\"https:\/\/wa.me\/48600690240\">Darmowa wycena<\/a><\/p>\n\n\n\n<h2 class=\"wp-block-heading\">O nas<\/h2>\n\n\n\n<p>EpoxStudioArt specjalizuje si\u0119 w wykonywaniu sto\u0142\u00f3w i blat\u00f3w z drewna oraz \u017cywicy epoksydowej na wymiar. Tworzymy sto\u0142y typu <strong>river table<\/strong>, blaty epoxy oraz meble premium dopasowane do wn\u0119trz klient\u00f3w z Gda\u0144ska i ca\u0142ego Tr\u00f3jmiasta, Polski i Europy.<\/p>\n\n\n\n<p>Ka\u017cda realizacja powstaje r\u0119cznie \u2013 od selekcji drewna po finalne wyko\u0144czenie na wysoki po\u0142ysk. Oferujemy projekty indywidualne, realizacje pod zam\u00f3wienie oraz profesjonalne doradztwo materia\u0142owe.<\/p>\n\n\n\n<h2 class=\"wp-block-heading\">Oferta<\/h2>\n\n\n\n<p>Sto\u0142y typu River Table<\/p>\n\n\n\n<p>Blaty kuchenne i \u0142azienkowe epoxy<\/p>\n\n\n\n<p>Stoliki kawowe<\/p>\n\n\n\n<p>Sto\u0142y premium na zam\u00f3wienie<\/p>\n\n\n\n<h2 class=\"wp-block-heading\">Realizacje<\/h2>\n\n\n\n<figure class=\"wp-block-image size-large\"><img loading=\"lazy\" decoding=\"async\" width=\"576\" height=\"1024\" src=\"http:\/\/epoxstudioart.pl\/wp-content\/uploads\/2026\/04\/Suar-z-Porcelana-stol-z-zywica-EpoxStudioArt--576x1024.jpg\" alt=\"\" class=\"wp-image-10\" srcset=\"https:\/\/epoxstudioart.pl\/wp-content\/uploads\/2026\/04\/Suar-z-Porcelana-stol-z-zywica-EpoxStudioArt--576x1024.jpg 576w, https:\/\/epoxstudioart.pl\/wp-content\/uploads\/2026\/04\/Suar-z-Porcelana-stol-z-zywica-EpoxStudioArt--169x300.jpg 169w, https:\/\/epoxstudioart.pl\/wp-content\/uploads\/2026\/04\/Suar-z-Porcelana-stol-z-zywica-EpoxStudioArt--768x1365.jpg 768w, https:\/\/epoxstudioart.pl\/wp-content\/uploads\/2026\/04\/Suar-z-Porcelana-stol-z-zywica-EpoxStudioArt--864x1536.jpg 864w, https:\/\/epoxstudioart.pl\/wp-content\/uploads\/2026\/04\/Suar-z-Porcelana-stol-z-zywica-EpoxStudioArt--1152x2048.jpg 1152w, https:\/\/epoxstudioart.pl\/wp-content\/uploads\/2026\/04\/Suar-z-Porcelana-stol-z-zywica-EpoxStudioArt--scaled.jpg 1440w\" sizes=\"auto, (max-width: 576px) 100vw, 576px\" \/><figcaption class=\"wp-element-caption\">st\u00f3\u0142 z \u017cywicy epoksydowej po\u0142\u0105czony z drewnem suara i porcelan\u0105 &#8211; jedyny na \u015bwiecie <\/figcaption><\/figure>\n\n\n\n<figure class=\"wp-block-image size-large\"><img loading=\"lazy\" decoding=\"async\" width=\"683\" height=\"1024\" src=\"http:\/\/epoxstudioart.pl\/wp-content\/uploads\/2026\/04\/3AE3A046-622E-4083-8AEA-68D2EBE7E2B6-683x1024.png\" alt=\"\" class=\"wp-image-9\" srcset=\"https:\/\/epoxstudioart.pl\/wp-content\/uploads\/2026\/04\/3AE3A046-622E-4083-8AEA-68D2EBE7E2B6-683x1024.png 683w, https:\/\/epoxstudioart.pl\/wp-content\/uploads\/2026\/04\/3AE3A046-622E-4083-8AEA-68D2EBE7E2B6-200x300.png 200w, https:\/\/epoxstudioart.pl\/wp-content\/uploads\/2026\/04\/3AE3A046-622E-4083-8AEA-68D2EBE7E2B6-768x1152.png 768w, https:\/\/epoxstudioart.pl\/wp-content\/uploads\/2026\/04\/3AE3A046-622E-4083-8AEA-68D2EBE7E2B6.png 1024w\" sizes=\"auto, (max-width: 683px) 100vw, 683px\" \/><figcaption class=\"wp-element-caption\">Projekt wykonany pod zamowienie z \u017cywicy epoksydowej i topoli z czeczot\u0105.<\/figcaption><\/figure>\n\n\n\n<figure class=\"wp-block-gallery has-nested-images columns-default is-cropped wp-block-gallery-1 is-layout-flex wp-block-gallery-is-layout-flex\">\n<figure class=\"wp-block-image size-large\"><img loading=\"lazy\" decoding=\"async\" width=\"572\" height=\"1024\" data-id=\"8\" src=\"https:\/\/epoxstudioart.pl\/wp-content\/uploads\/2026\/04\/IMG_1955-572x1024.jpeg\" alt=\"\" class=\"wp-image-8\" srcset=\"https:\/\/epoxstudioart.pl\/wp-content\/uploads\/2026\/04\/IMG_1955-572x1024.jpeg 572w, https:\/\/epoxstudioart.pl\/wp-content\/uploads\/2026\/04\/IMG_1955-167x300.jpeg 167w, https:\/\/epoxstudioart.pl\/wp-content\/uploads\/2026\/04\/IMG_1955-768x1376.jpeg 768w, https:\/\/epoxstudioart.pl\/wp-content\/uploads\/2026\/04\/IMG_1955-857x1536.jpeg 857w, https:\/\/epoxstudioart.pl\/wp-content\/uploads\/2026\/04\/IMG_1955-1143x2048.jpeg 1143w, https:\/\/epoxstudioart.pl\/wp-content\/uploads\/2026\/04\/IMG_1955-scaled.jpeg 1429w\" sizes=\"auto, (max-width: 572px) 100vw, 572px\" \/><figcaption class=\"wp-element-caption\">R\u0119cznie wykonany st\u00f3\u0142 z \u017cywicy epoksydowej i topoli z czeczot\u0105 &#8211; unikalny projekt.<\/figcaption><\/figure>\n<\/figure>\n\n\n\n<h2 class=\"wp-block-heading\">Dlaczego warto wybra\u0107 EpoxStudioArt?<\/h2>\n\n\n\n<p>100% r\u0119czna produkcja<\/p>\n\n\n\n<p>Unikalne projekty dopasowane do wn\u0119trza<\/p>\n\n\n\n<p>Materia\u0142y najwy\u017cszej jako\u015bci<\/p>\n\n\n\n<p>Realizacja na terenie ca\u0142ego Tr\u00f3jmiasta<\/p>\n\n\n\n<h2 class=\"wp-block-heading\">Kontakt<\/h2>\n\n\n\n<p>\ud83d\udccd Siennicka 25b, Gda\u0144sk<\/p>\n\n\n\n<p>\ud83d\udcde 600 690 240<\/p>\n\n\n\n<p>\ud83c\udf10 https:\/\/epoxstudioart.pl<\/p>\n\n\n\n<p><a href=\"https:\/\/wa.me\/48600690240\">WhatsApp<\/a> | <a href=\"https:\/\/www.instagram.com\/epoxstudioart\/\">Instagram<\/a> | <a href=\"https:\/\/www.tiktok.com\/@epoxstudioart\">TikTok<\/a> | <a href=\"https:\/\/www.facebook.com\/p\/Epoxstudioart-100095338538432\/\">Facebook<\/a> <a href=\"https:\/\/wa.me\/48600690240\">Napisz na WhatsApp<\/a> \u00a9 2023<\/p>\n\n\n\n<p> EpoxStudioArt \u2013 Sto\u0142y z \u017cywicy epoksydowej<\/p>\n\n\n\n<figure class=\"wp-block-image size-large\"><img loading=\"lazy\" decoding=\"async\" width=\"1024\" height=\"1024\" src=\"https:\/\/epoxstudioart.pl\/wp-content\/uploads\/2026\/04\/logo-1024x1024.png\" alt=\"\" class=\"wp-image-20\" srcset=\"https:\/\/epoxstudioart.pl\/wp-content\/uploads\/2026\/04\/logo-1024x1024.png 1024w, https:\/\/epoxstudioart.pl\/wp-content\/uploads\/2026\/04\/logo-300x300.png 300w, https:\/\/epoxstudioart.pl\/wp-content\/uploads\/2026\/04\/logo-150x150.png 150w, https:\/\/epoxstudioart.pl\/wp-content\/uploads\/2026\/04\/logo-768x768.png 768w, https:\/\/epoxstudioart.pl\/wp-content\/uploads\/2026\/04\/logo-1536x1536.png 1536w, https:\/\/epoxstudioart.pl\/wp-content\/uploads\/2026\/04\/logo.png 1661w\" sizes=\"auto, (max-width: 1024px) 100vw, 1024px\" \/><\/figure>\n\n\n\n<p><\/p>\n","protected":false},"excerpt":{"rendered":"<p>Sto\u0142y z \u017cywicy epoksydowej Gda\u0144sk | River Table Sto\u0142y z \u017cywicy epoksydowej na wymiar Unikalne projekty z drewna i \u017cywicy [&hellip;]<\/p>\n","protected":false},"author":1,"featured_media":0,"parent":0,"menu_order":0,"comment_status":"closed","ping_status":"closed","template":"","meta":{"_uag_custom_page_level_css":"","site-sidebar-layout":"default","site-content-layout":"","ast-site-content-layout":"default","site-content-style":"default","site-sidebar-style":"default","ast-global-header-display":"","ast-banner-title-visibility":"","ast-main-header-display":"","ast-hfb-above-header-display":"","ast-hfb-below-header-display":"","ast-hfb-mobile-header-display":"","site-post-title":"","ast-breadcrumbs-content":"","ast-featured-img":"","footer-sml-layout":"","ast-disable-related-posts":"","theme-transparent-header-meta":"","adv-header-id-meta":"","stick-header-meta":"","header-above-stick-meta":"","header-main-stick-meta":"","header-below-stick-meta":"","astra-migrate-meta-layouts":"default","ast-page-background-enabled":"default","ast-page-background-meta":{"desktop":{"background-color":"var(--ast-global-color-5)","background-image":"","background-repeat":"repeat","background-position":"center center","background-size":"auto","background-attachment":"scroll","background-type":"","background-media":"","overlay-type":"","overlay-color":"","overlay-opacity":"","overlay-gradient":""},"tablet":{"background-color":"","background-image":"","background-repeat":"repeat","background-position":"center center","background-size":"auto","background-attachment":"scroll","background-type":"","background-media":"","overlay-type":"","overlay-color":"","overlay-opacity":"","overlay-gradient":""},"mobile":{"background-color":"","background-image":"","background-repeat":"repeat","background-position":"center center","background-size":"auto","background-attachment":"scroll","background-type":"","background-media":"","overlay-type":"","overlay-color":"","overlay-opacity":"","overlay-gradient":""}},"ast-content-background-meta":{"desktop":{"background-color":"var(--ast-global-color-4)","background-image":"","background-repeat":"repeat","background-position":"center center","background-size":"auto","background-attachment":"scroll","background-type":"","background-media":"","overlay-type":"","overlay-color":"","overlay-opacity":"","overlay-gradient":""},"tablet":{"background-color":"var(--ast-global-color-4)","background-image":"","background-repeat":"repeat","background-position":"center center","background-size":"auto","background-attachment":"scroll","background-type":"","background-media":"","overlay-type":"","overlay-color":"","overlay-opacity":"","overlay-gradient":""},"mobile":{"background-color":"var(--ast-global-color-4)","background-image":"","background-repeat":"repeat","background-position":"center center","background-size":"auto","background-attachment":"scroll","background-type":"","background-media":"","overlay-type":"","overlay-color":"","overlay-opacity":"","overlay-gradient":""}},"footnotes":""},"class_list":["post-6","page","type-page","status-publish","hentry"],"uagb_featured_image_src":{"full":false,"thumbnail":false,"medium":false,"medium_large":false,"large":false,"1536x1536":false,"2048x2048":false},"uagb_author_info":{"display_name":"admin","author_link":"https:\/\/epoxstudioart.pl\/?author=1"},"uagb_comment_info":0,"uagb_excerpt":"Sto\u0142y z \u017cywicy epoksydowej Gda\u0144sk | River Table Sto\u0142y z \u017cywicy epoksydowej na wymiar Unikalne projekty z drewna i \u017cywicy [&hellip;]","_links":{"self":[{"href":"https:\/\/epoxstudioart.pl\/index.php?rest_route=\/wp\/v2\/pages\/6","targetHints":{"allow":["GET"]}}],"collection":[{"href":"https:\/\/epoxstudioart.pl\/index.php?rest_route=\/wp\/v2\/pages"}],"about":[{"href":"https:\/\/epoxstudioart.pl\/index.php?rest_route=\/wp\/v2\/types\/page"}],"author":[{"embeddable":true,"href":"https:\/\/epoxstudioart.pl\/index.php?rest_route=\/wp\/v2\/users\/1"}],"replies":[{"embeddable":true,"href":"https:\/\/epoxstudioart.pl\/index.php?rest_route=%2Fwp%2Fv2%2Fcomments&post=6"}],"version-history":[{"count":7,"href":"https:\/\/epoxstudioart.pl\/index.php?rest_route=\/wp\/v2\/pages\/6\/revisions"}],"predecessor-version":[{"id":82,"href":"https:\/\/epoxstudioart.pl\/index.php?rest_route=\/wp\/v2\/pages\/6\/revisions\/82"}],"wp:attachment":[{"href":"https:\/\/epoxstudioart.pl\/index.php?rest_route=%2Fwp%2Fv2%2Fmedia&parent=6"}],"curies":[{"name":"wp","href":"https:\/\/api.w.org\/{rel}","templated":true}]}}